{"id":20,"date":"2023-05-02T14:59:31","date_gmt":"2023-05-02T17:59:31","guid":{"rendered":"https:\/\/tipotemporarioblogs.com.br\/gruporadioplan\/blog\/?page_id=20"},"modified":"2024-11-06T15:47:04","modified_gmt":"2024-11-06T18:47:04","slug":"home","status":"publish","type":"page","link":"https:\/\/braffemam.com.br\/blog\/","title":{"rendered":"Home"},"content":{"rendered":"\n<h1>\n\t\tBlog Braffemam\n\t<\/h1>\n\t<p>F\u00e1brica Brasileira de M\u00e1quinas e Artefatos Metal\u00fargicos<\/p>\n\t\t\t<a href=\"https:\/\/braffemam.com.br\/blog\/dobradeiras\/\" target=\"_self\" role=\"button\" rel=\"noopener\">\n\t\t\t\t\t\t\tDobradeiras\n\t\t\t\t\t<\/a>\n\t\t\t<a href=\"https:\/\/braffemam.com.br\/blog\/guilhotinas\/\" target=\"_self\" role=\"button\" rel=\"noopener\">\n\t\t\t\t\t\t\tGuilhotinas\n\t\t\t\t\t<\/a>\n\t\t\t<a href=\"https:\/\/braffemam.com.br\/blog\/prensas\/\" target=\"_self\" role=\"button\" rel=\"noopener\">\n\t\t\t\t\t\t\tPrensas\n\t\t\t\t\t<\/a>\n\t\t\t<a href=\"https:\/\/braffemam.com.br\/blog\/retrofitting\/\" target=\"_self\" role=\"button\" rel=\"noopener\">\n\t\t\t\t\t\t\tRetrofitting\n\t\t\t\t\t<\/a>\n\t\t\t<a href=\"https:\/\/braffemam.com.br\/blog\/dobradeiras\/\" target=\"_self\" role=\"button\" rel=\"noopener\">\n\t\t\t\t\t\t\tDobradeiras\n\t\t\t\t\t<\/a>\n\t\t\t<a href=\"https:\/\/braffemam.com.br\/blog\/assitencia\/\" target=\"_self\" role=\"button\" rel=\"noopener\">\n\t\t\t\t\t\t\tAssist\u00eancia\n\t\t\t\t\t<\/a>\n<h2>\n\t\tAssuntos em alta\n\t<\/h2>\n<h3>\n\t\tTodas as publica\u00e7\u00f5es\n\t<\/h3>\n\t<h3>Deseja receber not\u00edcias e novidades em primeira m\u00e3o?<\/h3>\n\n","protected":false},"excerpt":{"rendered":"<p>Blog Braffemam F\u00e1brica Brasileira de M\u00e1quinas e Artefatos Metal\u00fargicos Dobradeiras Guilhotinas Prensas Retrofitting Dobradeiras Assist\u00eancia Assuntos em alta Todas as publica\u00e7\u00f5es Deseja receber not\u00edcias e novidades em primeira m\u00e3o?<\/p>\n","protected":false},"author":1,"featured_media":0,"parent":0,"menu_order":0,"comment_status":"closed","ping_status":"closed","template":"","meta":{"_kad_post_transparent":"","_kad_post_title":"","_kad_post_layout":"","_kad_post_sidebar_id":"","_kad_post_content_style":"","_kad_post_vertical_padding":"","_kad_post_feature":"","_kad_post_feature_position":"","_kad_post_header":false,"_kad_post_footer":false,"_kad_post_classname":"","footnotes":""},"class_list":["post-20","page","type-page","status-publish","hentry"],"_links":{"self":[{"href":"https:\/\/braffemam.com.br\/blog\/wp-json\/wp\/v2\/pages\/20","targetHints":{"allow":["GET"]}}],"collection":[{"href":"https:\/\/braffemam.com.br\/blog\/wp-json\/wp\/v2\/pages"}],"about":[{"href":"https:\/\/braffemam.com.br\/blog\/wp-json\/wp\/v2\/types\/page"}],"author":[{"embeddable":true,"href":"https:\/\/braffemam.com.br\/blog\/wp-json\/wp\/v2\/users\/1"}],"replies":[{"embeddable":true,"href":"https:\/\/braffemam.com.br\/blog\/wp-json\/wp\/v2\/comments?post=20"}],"version-history":[{"count":43,"href":"https:\/\/braffemam.com.br\/blog\/wp-json\/wp\/v2\/pages\/20\/revisions"}],"predecessor-version":[{"id":1310,"href":"https:\/\/braffemam.com.br\/blog\/wp-json\/wp\/v2\/pages\/20\/revisions\/1310"}],"wp:attachment":[{"href":"https:\/\/braffemam.com.br\/blog\/wp-json\/wp\/v2\/media?parent=20"}],"curies":[{"name":"wp","href":"https:\/\/api.w.org\/{rel}","templated":true}]}}